{"id":18,"date":"2025-07-30T13:10:04","date_gmt":"2025-07-30T11:10:04","guid":{"rendered":"https:\/\/priceless-northcutt.83-171-239-208.plesk.page\/?page_id=18"},"modified":"2025-08-27T09:31:51","modified_gmt":"2025-08-27T07:31:51","slug":"history","status":"publish","type":"page","link":"https:\/\/nta-gruppe.de\/en\/group\/history\/","title":{"rendered":"Historie"},"content":{"rendered":"<div data-elementor-type=\"wp-page\" data-elementor-id=\"18\" class=\"elementor elementor-18\" data-elementor-post-type=\"page\">\n\t\t\t\t<div data-ha-partstyle=\"default\" data-ha-partcolor=\"#FFFFFF\" data-ha-partopacity=\"0.7\" data-ha-partdirection=\"bottom\" data-ha-partnum=\"\" data-ha-partsize=\"\" data-ha-partspeed=\"0.4\" data-ha-interactive=\"yes\" class=\"elementor-element elementor-element-410508e ha-particle-yes ha-particle-adv-yes e-flex e-con-boxed e-con e-parent\" data-id=\"410508e\" data-element_type=\"container\" data-settings=\"{&quot;background_background&quot;:&quot;gradient&quot;}\">\n\t\t\t\t\t<div class=\"e-con-inner\">\n\t\t<div class=\"elementor-element elementor-element-6c107ec e-con-full e-flex e-con e-child\" data-id=\"6c107ec\" data-element_type=\"container\">\n\t\t<div class=\"elementor-element elementor-element-16cffc7 e-flex e-con-boxed e-con e-child\" data-id=\"16cffc7\" data-element_type=\"container\">\n\t\t\t\t\t<div class=\"e-con-inner\">\n\t\t<div class=\"elementor-element elementor-element-570a8e5 e-con-full e-flex e-con e-child\" data-id=\"570a8e5\" data-element_type=\"container\">\n\t\t\t\t<div class=\"elementor-element elementor-element-00a4d88 elementor-widget elementor-widget-heading\" data-id=\"00a4d88\" data-element_type=\"widget\" data-widget_type=\"heading.default\">\n\t\t\t\t\t<h3 class=\"elementor-heading-title elementor-size-default\">Growth with a clear strategy and strong partners.<\/h3>\t\t\t\t<\/div>\n\t\t\t\t<\/div>\n\t\t<div class=\"elementor-element elementor-element-7d199e5 e-con-full e-flex e-con e-child\" data-id=\"7d199e5\" data-element_type=\"container\">\n\t\t\t\t<div class=\"elementor-element elementor-element-d844674 elementor-hidden-mobile elementor-widget elementor-widget-image\" data-id=\"d844674\" data-element_type=\"widget\" data-widget_type=\"image.default\">\n\t\t\t\t\t\t\t\t\t\t\t\t\t\t\t<img fetchpriority=\"high\" decoding=\"async\" width=\"800\" height=\"533\" src=\"https:\/\/nta-gruppe.de\/wp-content\/uploads\/2025\/08\/Stock-III-225-1024x682.jpg\" class=\"attachment-large size-large wp-image-784\" alt=\"\" srcset=\"https:\/\/nta-gruppe.de\/wp-content\/uploads\/2025\/08\/Stock-III-225-1024x682.jpg 1024w, https:\/\/nta-gruppe.de\/wp-content\/uploads\/2025\/08\/Stock-III-225-300x200.jpg 300w, https:\/\/nta-gruppe.de\/wp-content\/uploads\/2025\/08\/Stock-III-225-768x512.jpg 768w, https:\/\/nta-gruppe.de\/wp-content\/uploads\/2025\/08\/Stock-III-225-1536x1024.jpg 1536w, https:\/\/nta-gruppe.de\/wp-content\/uploads\/2025\/08\/Stock-III-225.jpg 1900w\" sizes=\"(max-width: 800px) 100vw, 800px\" \/>\t\t\t\t\t\t\t\t\t\t\t\t\t\t\t<\/div>\n\t\t\t\t<\/div>\n\t\t\t\t\t<\/div>\n\t\t\t\t<\/div>\n\t\t\t\t<\/div>\n\t\t\t\t\t<\/div>\n\t\t\t\t<\/div>\n\t\t<div class=\"elementor-element elementor-element-de267bb e-flex e-con-boxed e-con e-parent\" data-id=\"de267bb\" data-element_type=\"container\">\n\t\t\t\t\t<div class=\"e-con-inner\">\n\t\t\t\t<div class=\"elementor-element elementor-element-6cccf4d elementor-widget elementor-widget-heading\" data-id=\"6cccf4d\" data-element_type=\"widget\" data-widget_type=\"heading.default\">\n\t\t\t\t\t<h1 class=\"elementor-heading-title elementor-size-default\">Our path to becoming the leading platform<\/h1>\t\t\t\t<\/div>\n\t\t\t\t<div class=\"elementor-element elementor-element-40d0d9e elementor-align-left elementor-widget elementor-widget-lottie\" data-id=\"40d0d9e\" data-element_type=\"widget\" data-settings=\"{&quot;source_json&quot;:{&quot;url&quot;:&quot;https:\\\/\\\/nta-gruppe.de\\\/wp-content\\\/uploads\\\/2025\\\/08\\\/NTA-Linie-Verlauf.json&quot;,&quot;id&quot;:251,&quot;size&quot;:&quot;&quot;,&quot;alt&quot;:&quot;&quot;,&quot;source&quot;:&quot;library&quot;},&quot;play_speed&quot;:{&quot;unit&quot;:&quot;px&quot;,&quot;size&quot;:0.6,&quot;sizes&quot;:[]},&quot;source&quot;:&quot;media_file&quot;,&quot;caption_source&quot;:&quot;none&quot;,&quot;link_to&quot;:&quot;none&quot;,&quot;trigger&quot;:&quot;arriving_to_viewport&quot;,&quot;viewport&quot;:{&quot;unit&quot;:&quot;%&quot;,&quot;size&quot;:&quot;&quot;,&quot;sizes&quot;:{&quot;start&quot;:0,&quot;end&quot;:100}},&quot;start_point&quot;:{&quot;unit&quot;:&quot;%&quot;,&quot;size&quot;:0,&quot;sizes&quot;:[]},&quot;end_point&quot;:{&quot;unit&quot;:&quot;%&quot;,&quot;size&quot;:100,&quot;sizes&quot;:[]},&quot;renderer&quot;:&quot;svg&quot;}\" data-widget_type=\"lottie.default\">\n\t\t\t\t\t<div class=\"e-lottie__container\"><div class=\"e-lottie__animation\"><\/div><\/div>\t\t\t\t<\/div>\n\t\t\t\t<div class=\"elementor-element elementor-element-7e9ad2a elementor-widget elementor-widget-text-editor\" data-id=\"7e9ad2a\" data-element_type=\"widget\" data-widget_type=\"text-editor.default\">\n\t\t\t\t\t\t\t\t\t<p>Since 2011, the NTA Group has evolved from a regional systems house into a leading platform for integrated security and communications technologies. Through targeted investments, strategic acquisitions, and the consistent expansion of its service portfolio, a group of companies has emerged that now operates throughout Germany and meets the highest standards in critical infrastructures.<\/p>\t\t\t\t\t\t\t\t<\/div>\n\t\t\t\t\t<\/div>\n\t\t\t\t<\/div>\n\t\t<div class=\"elementor-element elementor-element-a909f46 e-flex e-con-boxed e-con e-parent\" data-id=\"a909f46\" data-element_type=\"container\">\n\t\t\t\t\t<div class=\"e-con-inner\">\n\t\t\t\t<div class=\"elementor-element elementor-element-1c39cdd ha-timeline-icon-box-vertical-align-top ha-timeline-align-center elementor-widget elementor-widget-ha-timeline happy-addon ha-timeline happy-addon-pro\" data-id=\"1c39cdd\" data-element_type=\"widget\" data-widget_type=\"ha-timeline.default\">\n\t\t\t\t\t\t\t<div class=\"ha-timeline-wrap\" data-scroll=\"yes\">\n\t\t\t\t\t\t\t\t\t\t<div class=\"ha-timeline-block elementor-repeater-item-a2cd022\">\n\t\t\t\t\t<div class=\"ha-timeline-icon-box align-center\">\n\t\t\t\t\t\t<div class=\"ha-timeline-icon\">\n\t\t\t\t\t\t\t\t\t\t\t\t\t\t\t\t\t\t\t\t\t\t<span class=\"ha-timeline-date ha-timeline-date-desktop\">\n\t\t\t\t\t\t\t\t\t<span class=\"date\">2011<\/span>\t\t\t\t\t\t\t\t<\/span>\n\t\t\t\t\t\t\t\t\t\t\t\t\t<\/div>\n\t\t\t\t\t\t<div class=\"ha-timeline-tree\">\n\t\t\t\t\t\t\t\t\t\t\t\t\t\t<div class=\"ha-timeline-tree-inner\"><\/div>\n\t\t\t\t\t\t\t\t\t\t\t\t\t<\/div>\n\t\t\t\t\t<\/div>\n\t\t\t\t\t<div class=\"ha-timeline-content arrow\"\">\n\t\t\t\t\t\t\t\t\t\t\t<span class=\"ha-timeline-date ha-timeline-date-tablet\">\n\t\t\t\t\t\t\t<span class=\"date\">2011<\/span>\t\t\t\t\t\t<\/span>\n\t\t\t\t\t\t\t\t\t\t\t\t\t\t\t<h5 class=\"ha-timeline-title\">Reorganization<\/h5><div class=\"ha-timeline-content-text\"><p>The re-establishment of NTA Systemhaus GmbH &amp; Co. KG laid the foundation for today&#039;s NTA Group. From the very beginning, the focus was on integrated solutions in the areas of communications and security.<\/p><\/div>\t\t\t\t<\/div>\n\t\t\t\t<\/div>\n\t\t\t\t\t\t\t\t\t\t\t<div class=\"ha-timeline-block elementor-repeater-item-b160cfa\">\n\t\t\t\t\t<div class=\"ha-timeline-icon-box align-center\">\n\t\t\t\t\t\t<div class=\"ha-timeline-icon\">\n\t\t\t\t\t\t\t\t\t\t\t\t\t\t\t\t\t\t\t\t\t\t<span class=\"ha-timeline-date ha-timeline-date-desktop\">\n\t\t\t\t\t\t\t\t\t<span class=\"date\">2012<\/span>\t\t\t\t\t\t\t\t<\/span>\n\t\t\t\t\t\t\t\t\t\t\t\t\t<\/div>\n\t\t\t\t\t\t<div class=\"ha-timeline-tree\">\n\t\t\t\t\t\t\t\t\t\t\t\t\t\t<div class=\"ha-timeline-tree-inner\"><\/div>\n\t\t\t\t\t\t\t\t\t\t\t\t\t<\/div>\n\t\t\t\t\t<\/div>\n\t\t\t\t\t<div class=\"ha-timeline-content arrow ha-timeline-content arrow\"\">\n\t\t\t\t\t\t\t\t\t\t\t<span class=\"ha-timeline-date ha-timeline-date-tablet\">\n\t\t\t\t\t\t\t<span class=\"date\">2012<\/span>\t\t\t\t\t\t<\/span>\n\t\t\t\t\t\t\t\t\t\t\t\t\t\t\t<h5 class=\"ha-timeline-title\">Founding of NTA Finance<\/h5><div class=\"ha-timeline-content-text\"><p>To support the growing corporate structure, NTA Finance GmbH was founded. It consolidates financial and administrative functions within the group.<\/p><\/div>\t\t\t\t<\/div>\n\t\t\t\t<\/div>\n\t\t\t\t\t\t\t\t\t\t\t<div class=\"ha-timeline-block elementor-repeater-item-767df12\">\n\t\t\t\t\t<div class=\"ha-timeline-icon-box align-center\">\n\t\t\t\t\t\t<div class=\"ha-timeline-icon\">\n\t\t\t\t\t\t\t\t\t\t\t\t\t\t\t\t\t\t\t\t\t\t<span class=\"ha-timeline-date ha-timeline-date-desktop\">\n\t\t\t\t\t\t\t\t\t<span class=\"date\">2014<\/span>\t\t\t\t\t\t\t\t<\/span>\n\t\t\t\t\t\t\t\t\t\t\t\t\t<\/div>\n\t\t\t\t\t\t<div class=\"ha-timeline-tree\">\n\t\t\t\t\t\t\t\t\t\t\t\t\t\t<div class=\"ha-timeline-tree-inner\"><\/div>\n\t\t\t\t\t\t\t\t\t\t\t\t\t<\/div>\n\t\t\t\t\t<\/div>\n\t\t\t\t\t<div class=\"ha-timeline-content arrow ha-timeline-content arrow ha-timeline-content arrow\"\">\n\t\t\t\t\t\t\t\t\t\t\t<span class=\"ha-timeline-date ha-timeline-date-tablet\">\n\t\t\t\t\t\t\t<span class=\"date\">2014<\/span>\t\t\t\t\t\t<\/span>\n\t\t\t\t\t\t\t\t\t\t\t\t\t\t\t<h5 class=\"ha-timeline-title\">Expansion through acquisitions<\/h5><div class=\"ha-timeline-content-text\"><p>With the acquisition of NTA Rhein-Neckar and NTA Saar, the group significantly expanded its regional presence, laying the foundation for creating a comprehensive network of locations in southwest Germany.<\/p><\/div>\t\t\t\t<\/div>\n\t\t\t\t<\/div>\n\t\t\t\t\t\t\t\t\t\t\t<div class=\"ha-timeline-block elementor-repeater-item-af8f608\">\n\t\t\t\t\t<div class=\"ha-timeline-icon-box align-center\">\n\t\t\t\t\t\t<div class=\"ha-timeline-icon\">\n\t\t\t\t\t\t\t\t\t\t\t\t\t\t\t\t\t\t\t\t\t\t<span class=\"ha-timeline-date ha-timeline-date-desktop\">\n\t\t\t\t\t\t\t\t\t<span class=\"date\">2022<\/span>\t\t\t\t\t\t\t\t<\/span>\n\t\t\t\t\t\t\t\t\t\t\t\t\t<\/div>\n\t\t\t\t\t\t<div class=\"ha-timeline-tree\">\n\t\t\t\t\t\t\t\t\t\t\t\t\t\t<div class=\"ha-timeline-tree-inner\"><\/div>\n\t\t\t\t\t\t\t\t\t\t\t\t\t<\/div>\n\t\t\t\t\t<\/div>\n\t\t\t\t\t<div class=\"ha-timeline-content arrow ha-timeline-content arrow ha-timeline-content arrow ha-timeline-content arrow\"\">\n\t\t\t\t\t\t\t\t\t\t\t<span class=\"ha-timeline-date ha-timeline-date-tablet\">\n\t\t\t\t\t\t\t<span class=\"date\">2022<\/span>\t\t\t\t\t\t<\/span>\n\t\t\t\t\t\t\t\t\t\t\t\t\t\t\t<h5 class=\"ha-timeline-title\">Entry of Adiuva Capital<\/h5><div class=\"ha-timeline-content-text\"><p>With Adiuva Capital, the group gained a strong growth partner. This investment opened up new opportunities for strategic development and further expansion.<\/p><\/div>\t\t\t\t<\/div>\n\t\t\t\t<\/div>\n\t\t\t\t\t\t\t\t\t\t\t<div class=\"ha-timeline-block elementor-repeater-item-5411021\">\n\t\t\t\t\t<div class=\"ha-timeline-icon-box align-center\">\n\t\t\t\t\t\t<div class=\"ha-timeline-icon\">\n\t\t\t\t\t\t\t\t\t\t\t\t\t\t\t\t\t\t\t\t\t\t<span class=\"ha-timeline-date ha-timeline-date-desktop\">\n\t\t\t\t\t\t\t\t\t<span class=\"date\">2023<\/span>\t\t\t\t\t\t\t\t<\/span>\n\t\t\t\t\t\t\t\t\t\t\t\t\t<\/div>\n\t\t\t\t\t\t<div class=\"ha-timeline-tree\">\n\t\t\t\t\t\t\t\t\t\t\t\t\t\t<div class=\"ha-timeline-tree-inner\"><\/div>\n\t\t\t\t\t\t\t\t\t\t\t\t\t<\/div>\n\t\t\t\t\t<\/div>\n\t\t\t\t\t<div class=\"ha-timeline-content arrow ha-timeline-content arrow ha-timeline-content arrow ha-timeline-content arrow ha-timeline-content arrow\"\">\n\t\t\t\t\t\t\t\t\t\t\t<span class=\"ha-timeline-date ha-timeline-date-tablet\">\n\t\t\t\t\t\t\t<span class=\"date\">2023<\/span>\t\t\t\t\t\t<\/span>\n\t\t\t\t\t\t\t\t\t\t\t\t\t\t\t<h5 class=\"ha-timeline-title\">Acquisition of Hieronymus Security System House<\/h5><div class=\"ha-timeline-content-text\"><p data-start=\"1081\" data-end=\"1346\">The integration of Hieronymus Sicherheits-Systemhaus GmbH &amp; Co. KG strengthened the company&#039;s expertise in security technology. At the same time, the company&#039;s regional presence in the Rhine-Main area and the Palatinate region was expanded.<\/p><p data-start=\"1348\" data-end=\"1641\">\u00a0<\/p><\/div>\t\t\t\t<\/div>\n\t\t\t\t<\/div>\n\t\t\t\t\t\t\t\t\t\t\t<div class=\"ha-timeline-block elementor-repeater-item-be46fe5\">\n\t\t\t\t\t<div class=\"ha-timeline-icon-box align-center\">\n\t\t\t\t\t\t<div class=\"ha-timeline-icon\">\n\t\t\t\t\t\t\t\t\t\t\t\t\t\t\t\t\t\t\t\t\t\t<span class=\"ha-timeline-date ha-timeline-date-desktop\">\n\t\t\t\t\t\t\t\t\t<span class=\"date\">2024<\/span>\t\t\t\t\t\t\t\t<\/span>\n\t\t\t\t\t\t\t\t\t\t\t\t\t<\/div>\n\t\t\t\t\t\t<div class=\"ha-timeline-tree\">\n\t\t\t\t\t\t\t\t\t\t\t\t\t\t<div class=\"ha-timeline-tree-inner\"><\/div>\n\t\t\t\t\t\t\t\t\t\t\t\t\t<\/div>\n\t\t\t\t\t<\/div>\n\t\t\t\t\t<div class=\"ha-timeline-content arrow ha-timeline-content arrow ha-timeline-content arrow ha-timeline-content arrow ha-timeline-content arrow ha-timeline-content arrow\"\">\n\t\t\t\t\t\t\t\t\t\t\t<span class=\"ha-timeline-date ha-timeline-date-tablet\">\n\t\t\t\t\t\t\t<span class=\"date\">2024<\/span>\t\t\t\t\t\t<\/span>\n\t\t\t\t\t\t\t\t\t\t\t\t\t\t\t<h5 class=\"ha-timeline-title\">Integration MTG Communications Technology<\/h5><div class=\"ha-timeline-content-text\"><p>With MTG, a long-established company specializing in security, communications, and network technology joined the group, expanding not only the service portfolio but also the geographical coverage with locations in Munich and Leipzig.<\/p><\/div>\t\t\t\t<\/div>\n\t\t\t\t<\/div>\n\t\t\t\t\t<\/div>\n\t\t\t\t\t\t<\/div>\n\t\t\t\t\t<\/div>\n\t\t\t\t<\/div>\n\t\t\t\t<\/div>","protected":false},"excerpt":{"rendered":"<p>Wachstum mit klarer Strategie und starken Partnern. Unser Weg zur f\u00fchrenden Plattform Seit 2011 entwickelt sich die NTA Gruppe von einem regionalen Systemhaus zu einer f\u00fchrenden Plattform f\u00fcr integrierte Sicherheits- und Kommunikationstechnologien. Durch gezielte Investitionen, strategische \u00dcbernahmen und die konsequente Erweiterung des Leistungsspektrums ist eine Unternehmensgruppe entstanden, die heute deutschlandweit pr\u00e4sent ist und in kritischen [&hellip;]<\/p>","protected":false},"author":1,"featured_media":0,"parent":16,"menu_order":0,"comment_status":"closed","ping_status":"closed","template":"","meta":{"footnotes":""},"class_list":["post-18","page","type-page","status-publish","hentry"],"_links":{"self":[{"href":"https:\/\/nta-gruppe.de\/en\/wp-json\/wp\/v2\/pages\/18","targetHints":{"allow":["GET"]}}],"collection":[{"href":"https:\/\/nta-gruppe.de\/en\/wp-json\/wp\/v2\/pages"}],"about":[{"href":"https:\/\/nta-gruppe.de\/en\/wp-json\/wp\/v2\/types\/page"}],"author":[{"embeddable":true,"href":"https:\/\/nta-gruppe.de\/en\/wp-json\/wp\/v2\/users\/1"}],"replies":[{"embeddable":true,"href":"https:\/\/nta-gruppe.de\/en\/wp-json\/wp\/v2\/comments?post=18"}],"version-history":[{"count":1,"href":"https:\/\/nta-gruppe.de\/en\/wp-json\/wp\/v2\/pages\/18\/revisions"}],"predecessor-version":[{"id":1761,"href":"https:\/\/nta-gruppe.de\/en\/wp-json\/wp\/v2\/pages\/18\/revisions\/1761"}],"up":[{"embeddable":true,"href":"https:\/\/nta-gruppe.de\/en\/wp-json\/wp\/v2\/pages\/16"}],"wp:attachment":[{"href":"https:\/\/nta-gruppe.de\/en\/wp-json\/wp\/v2\/media?parent=18"}],"curies":[{"name":"wp","href":"https:\/\/api.w.org\/{rel}","templated":true}]}}