{"id":1882,"date":"2026-05-12T04:20:20","date_gmt":"2026-05-12T02:20:20","guid":{"rendered":"https:\/\/nta-gruppe.de\/?page_id=1882"},"modified":"2026-05-12T04:51:42","modified_gmt":"2026-05-12T02:51:42","slug":"gmt","status":"publish","type":"page","link":"https:\/\/nta-gruppe.de\/en\/companies\/gmt\/","title":{"rendered":"GMT"},"content":{"rendered":"<div data-elementor-type=\"wp-page\" data-elementor-id=\"1882\" class=\"elementor elementor-1882\" data-elementor-post-type=\"page\">\n\t\t\t\t<div data-ha-partstyle=\"default\" data-ha-partcolor=\"#FFFFFF\" data-ha-partopacity=\"0.7\" data-ha-partdirection=\"bottom\" data-ha-partnum=\"\" data-ha-partsize=\"\" data-ha-partspeed=\"0.4\" data-ha-interactive=\"yes\" class=\"elementor-element elementor-element-3007963 ha-particle-yes ha-particle-adv-yes e-flex e-con-boxed e-con e-parent\" data-id=\"3007963\" data-element_type=\"container\" data-settings=\"{&quot;background_background&quot;:&quot;gradient&quot;}\">\n\t\t\t\t\t<div class=\"e-con-inner\">\n\t\t<div class=\"elementor-element elementor-element-5726311 e-con-full e-flex e-con e-child\" data-id=\"5726311\" data-element_type=\"container\">\n\t\t<div class=\"elementor-element elementor-element-52daf46 e-flex e-con-boxed e-con e-child\" data-id=\"52daf46\" data-element_type=\"container\">\n\t\t\t\t\t<div class=\"e-con-inner\">\n\t\t<div class=\"elementor-element elementor-element-98734f3 e-con-full e-flex e-con e-child\" data-id=\"98734f3\" data-element_type=\"container\">\n\t\t\t\t<div class=\"elementor-element elementor-element-5bf9972 elementor-widget__width-initial elementor-widget elementor-widget-heading\" data-id=\"5bf9972\" data-element_type=\"widget\" data-widget_type=\"heading.default\">\n\t\t\t\t\t<h3 class=\"elementor-heading-title elementor-size-default\">Over 30 years of expertise<\/h3>\t\t\t\t<\/div>\n\t\t\t\t<\/div>\n\t\t<div class=\"elementor-element elementor-element-c3a5780 e-con-full e-flex e-con e-child\" data-id=\"c3a5780\" data-element_type=\"container\">\n\t\t\t\t<div class=\"elementor-element elementor-element-6bfc8be elementor-widget elementor-widget-image\" data-id=\"6bfc8be\" data-element_type=\"widget\" data-widget_type=\"image.default\">\n\t\t\t\t\t\t\t\t\t\t\t\t\t\t\t<img fetchpriority=\"high\" decoding=\"async\" width=\"800\" height=\"508\" src=\"https:\/\/nta-gruppe.de\/wp-content\/uploads\/2026\/05\/Screenshot-2026-05-12-092913-1024x650.jpg\" class=\"attachment-large size-large wp-image-1888\" alt=\"\" srcset=\"https:\/\/nta-gruppe.de\/wp-content\/uploads\/2026\/05\/Screenshot-2026-05-12-092913-1024x650.jpg 1024w, https:\/\/nta-gruppe.de\/wp-content\/uploads\/2026\/05\/Screenshot-2026-05-12-092913-300x190.jpg 300w, https:\/\/nta-gruppe.de\/wp-content\/uploads\/2026\/05\/Screenshot-2026-05-12-092913-768x488.jpg 768w, https:\/\/nta-gruppe.de\/wp-content\/uploads\/2026\/05\/Screenshot-2026-05-12-092913-1536x975.jpg 1536w, https:\/\/nta-gruppe.de\/wp-content\/uploads\/2026\/05\/Screenshot-2026-05-12-092913.jpg 1900w, https:\/\/nta-gruppe.de\/wp-content\/uploads\/2026\/05\/Screenshot-2026-05-12-092913-18x12.jpg 18w\" sizes=\"(max-width: 800px) 100vw, 800px\" \/>\t\t\t\t\t\t\t\t\t\t\t\t\t\t\t<\/div>\n\t\t\t\t<\/div>\n\t\t\t\t\t<\/div>\n\t\t\t\t<\/div>\n\t\t\t\t<\/div>\n\t\t\t\t\t<\/div>\n\t\t\t\t<\/div>\n\t\t<div class=\"elementor-element elementor-element-e02f997 e-flex e-con-boxed e-con e-parent\" data-id=\"e02f997\" data-element_type=\"container\">\n\t\t\t\t\t<div class=\"e-con-inner\">\n\t\t\t\t<div class=\"elementor-element elementor-element-3dbe9ed elementor-widget elementor-widget-image\" data-id=\"3dbe9ed\" data-element_type=\"widget\" data-widget_type=\"image.default\">\n\t\t\t\t\t\t\t\t\t\t\t\t\t\t\t<img decoding=\"async\" width=\"720\" height=\"225\" src=\"https:\/\/nta-gruppe.de\/wp-content\/uploads\/2026\/05\/logo.jpg\" class=\"attachment-large size-large wp-image-1884\" alt=\"GMT Logo\" srcset=\"https:\/\/nta-gruppe.de\/wp-content\/uploads\/2026\/05\/logo.jpg 720w, https:\/\/nta-gruppe.de\/wp-content\/uploads\/2026\/05\/logo-300x94.jpg 300w, https:\/\/nta-gruppe.de\/wp-content\/uploads\/2026\/05\/logo-18x6.jpg 18w\" sizes=\"(max-width: 720px) 100vw, 720px\" \/>\t\t\t\t\t\t\t\t\t\t\t\t\t\t\t<\/div>\n\t\t\t\t<div class=\"elementor-element elementor-element-0f43453 elementor-widget elementor-widget-heading\" data-id=\"0f43453\" data-element_type=\"widget\" data-widget_type=\"heading.default\">\n\t\t\t\t\t<h1 class=\"elementor-heading-title elementor-size-default\">GTM Hazard Detection Technology GmbH<\/h1>\t\t\t\t<\/div>\n\t\t\t\t<div class=\"elementor-element elementor-element-5e36c76 elementor-align-left elementor-widget elementor-widget-lottie\" data-id=\"5e36c76\" data-element_type=\"widget\" data-settings=\"{&quot;source_json&quot;:{&quot;url&quot;:&quot;https:\\\/\\\/nta-gruppe.de\\\/wp-content\\\/uploads\\\/2025\\\/08\\\/NTA-Linie-Verlauf.json&quot;,&quot;id&quot;:251,&quot;size&quot;:&quot;&quot;,&quot;alt&quot;:&quot;&quot;,&quot;source&quot;:&quot;library&quot;},&quot;play_speed&quot;:{&quot;unit&quot;:&quot;px&quot;,&quot;size&quot;:0.6,&quot;sizes&quot;:[]},&quot;source&quot;:&quot;media_file&quot;,&quot;caption_source&quot;:&quot;none&quot;,&quot;link_to&quot;:&quot;none&quot;,&quot;trigger&quot;:&quot;arriving_to_viewport&quot;,&quot;viewport&quot;:{&quot;unit&quot;:&quot;%&quot;,&quot;size&quot;:&quot;&quot;,&quot;sizes&quot;:{&quot;start&quot;:0,&quot;end&quot;:100}},&quot;start_point&quot;:{&quot;unit&quot;:&quot;%&quot;,&quot;size&quot;:0,&quot;sizes&quot;:[]},&quot;end_point&quot;:{&quot;unit&quot;:&quot;%&quot;,&quot;size&quot;:100,&quot;sizes&quot;:[]},&quot;renderer&quot;:&quot;svg&quot;}\" data-widget_type=\"lottie.default\">\n\t\t\t\t\t<div class=\"e-lottie__container\"><div class=\"e-lottie__animation\"><\/div><\/div>\t\t\t\t<\/div>\n\t\t\t\t<div class=\"elementor-element elementor-element-61a6246 elementor-widget elementor-widget-text-editor\" data-id=\"61a6246\" data-element_type=\"widget\" data-widget_type=\"text-editor.default\">\n\t\t\t\t\t\t\t\t\t<p>Seit \u00fcber 35 Jahren steht GMT Gefahrenmeldetechnik GmbH f\u00fcr hochwertige Sicherheitsl\u00f6sungen in den Bereichen Einbruchmeldetechnik, Brandmeldetechnik, Video\u00fcberwachung sowie Zutrittskontrolle und betreut sowohl gewerbliche als auch private Kunden mit individuell geplanten Sicherheitskonzepten.<\/p><p>Besonders hervorzuheben sind die umfangreichen VdS-Zertifizierungen des Unternehmens. Die GMT Gefahrenmeldetechnik ist als VdS-anerkanntes Errichterunternehmen f\u00fcr Einbruchmeldeanlagen zertifiziert und erf\u00fcllt<\/p><p>damit h\u00f6chste Anforderungen an Qualit\u00e4t, Planung, Installation und Wartung sicherheitstechnischer Anlagen. Erg\u00e4nzt wird dies durch die Zertifizierung nach DIN 14675 f\u00fcr Brandmeldeanlagen sowie die Zertifizierung als<\/p><p>Dienstleister f\u00fcr Sicherheitsanlagen nach DIN EN 16763. Dar\u00fcber hinaus verf\u00fcgt GMT \u00fcber ein zertifiziertes Qualit\u00e4tsmanagementsystem nach DIN EN ISO 9001.<\/p><p>Diese Zertifizierungen unterstreichen den hohen Qualit\u00e4tsanspruch des Unternehmens und best\u00e4tigen die Einhaltung strengster Sicherheits- und Servicestandards. F\u00fcr Kunden bedeutet dies maximale Zuverl\u00e4ssigkeit,<\/p><p>normgerechte Umsetzung sowie Sicherheit auf dem neuesten Stand der Technik.<\/p>\t\t\t\t\t\t\t\t<\/div>\n\t\t\t\t<div class=\"elementor-element elementor-element-378300c elementor-widget elementor-widget-button\" data-id=\"378300c\" data-element_type=\"widget\" data-widget_type=\"button.default\">\n\t\t\t\t\t\t\t\t\t\t<a class=\"elementor-button elementor-button-link elementor-size-sm\" href=\"https:\/\/gmt-alarm.com\/\" target=\"_blank\">\n\t\t\t\t\t\t<span class=\"elementor-button-content-wrapper\">\n\t\t\t\t\t\t<span class=\"elementor-button-icon\">\n\t\t\t\t<svg aria-hidden=\"true\" class=\"e-font-icon-svg e-fas-external-link-alt\" viewbox=\"0 0 512 512\" xmlns=\"http:\/\/www.w3.org\/2000\/svg\"><path d=\"M432,320H400a16,16,0,0,0-16,16V448H64V128H208a16,16,0,0,0,16-16V80a16,16,0,0,0-16-16H48A48,48,0,0,0,0,112V464a48,48,0,0,0,48,48H400a48,48,0,0,0,48-48V336A16,16,0,0,0,432,320ZM488,0h-128c-21.37,0-32.05,25.91-17,41l35.73,35.73L135,320.37a24,24,0,0,0,0,34L157.67,377a24,24,0,0,0,34,0L435.28,133.32,471,169c15,15,41,4.5,41-17V24A24,24,0,0,0,488,0Z\"><\/path><\/svg>\t\t\t<\/span>\n\t\t\t\t\t\t\t\t\t<span class=\"elementor-button-text\">To the website <\/span>\n\t\t\t\t\t<\/span>\n\t\t\t\t\t<\/a>\n\t\t\t\t\t\t\t\t<\/div>\n\t\t\t\t\t<\/div>\n\t\t\t\t<\/div>\n\t\t<div class=\"elementor-element elementor-element-7b43a46 e-flex e-con-boxed e-con e-parent\" data-id=\"7b43a46\" data-element_type=\"container\" data-settings=\"{&quot;background_background&quot;:&quot;classic&quot;}\">\n\t\t\t\t\t<div class=\"e-con-inner\">\n\t\t<div class=\"elementor-element elementor-element-d404f0b e-con-full e-flex e-con e-child\" data-id=\"d404f0b\" data-element_type=\"container\">\n\t\t\t\t<div class=\"elementor-element elementor-element-8aad1fe elementor-widget elementor-widget-ha-google-map happy-addon ha-google-map happy-addon-pro\" data-id=\"8aad1fe\" data-element_type=\"widget\" data-widget_type=\"ha-google-map.default\">\n\t\t\t\t\t\t\t<div class=\"ha-adv-google-map\">\n\t\t\t<div class=\"ha-adv-google-map__wrapper\t\t\t ha-adv-google-map-disable-logo\t\t\tha-adv-google-map-disable-copyright\t\t\tha-adv-google-map-disable-terms-of-use\t\t\tha-adv-google-map-disable-report-error\t\t\tha-adv-google-map-disable-keyboard-shortcuts\"\n\t\t\tdata-latitude=\"49.47945846179921\"\n\t\t\tdata-longitude=\"8.422998096175682\"\n\t\t\tdata-map-type=\"terrain\"\n\t\t\tdata-map-zoom=\"6\"\n\t\t\tdata-map-zoom-tablet=\"10\"\n\t\t\tdata-map-zoom-mobile=\"7\"\n\t\t\tdata-scroll-wheel-zoom=\"false\"\n\t\t\tdata-info-open=\"false\"\n\t\t\tdata-info-open-hover=\"false\"\n\t\t\tdata-zoom-control=\"false\"\n\t\t\tdata-full-screen=\"false\"\n\t\t\tdata-disable-map-drag=\"false\"\n\t\t\tdata-show-legend=\"false\"\n\t\t\tdata-map-type-control=\"\"\n\t\t\tdata-street-view=\"false\"\n\t\t\tdata-hide-logo=\"yes\"\n\t\t\tdata-hide-copyright=\"yes\"\n\t\t\tdata-hide-tou=\"yes\"\n\t\t\tdata-hide-report=\"yes\"\n\t\t\tdata-hide-keyboard=\"yes\"\n\t\t\tdata-markers=\"[{&quot;pin_item_title&quot;:&quot;MR Compact GmbH&quot;,&quot;pin_latitude&quot;:&quot;48.904458&quot;,&quot;pin_longitude&quot;:&quot;8.658095&quot;,&quot;pin_icon&quot;:{&quot;url&quot;:&quot;https:\\\/\\\/nta-gruppe.de\\\/wp-content\\\/uploads\\\/2025\\\/08\\\/map-marker-1.png&quot;,&quot;id&quot;:431,&quot;size&quot;:&quot;&quot;,&quot;alt&quot;:&quot;&quot;,&quot;source&quot;:&quot;library&quot;},&quot;square_pin_size&quot;:{&quot;unit&quot;:&quot;px&quot;,&quot;size&quot;:43,&quot;sizes&quot;:[]},&quot;pin_item_description&quot;:&quot;Karlsruher Str. 34\\n75179 Pforzheim&quot;,&quot;_id&quot;:&quot;4922517&quot;,&quot;rectangular_image&quot;:&quot;no&quot;,&quot;rectangular_pin_size_height&quot;:null,&quot;rectangular_pin_size_width&quot;:null}]\"\n\t\t\tdata-google-map-type=\"basic\"\n\t\t\tdata-polylines=\"[]\"\n\t\t\tdata-map-style=\"custom\"\n\t\t\tdata-custom-map-style=\"[    {        &quot;featureType&quot;: &quot;all&quot;,        &quot;elementType&quot;: &quot;geometry.fill&quot;,        &quot;stylers&quot;: [            {                &quot;weight&quot;: &quot;2.00&quot;            }        ]    },    {        &quot;featureType&quot;: &quot;all&quot;,        &quot;elementType&quot;: &quot;geometry.stroke&quot;,        &quot;stylers&quot;: [            {                &quot;color&quot;: &quot;#9c9c9c&quot;            }        ]    },    {        &quot;featureType&quot;: &quot;all&quot;,        &quot;elementType&quot;: &quot;labels.text&quot;,        &quot;stylers&quot;: [            {                &quot;visibility&quot;: &quot;on&quot;            }        ]    },    {        &quot;featureType&quot;: &quot;landscape&quot;,        &quot;elementType&quot;: &quot;all&quot;,        &quot;stylers&quot;: [            {                &quot;color&quot;: &quot;#f2f2f2&quot;            }        ]    },    {        &quot;featureType&quot;: &quot;landscape&quot;,        &quot;elementType&quot;: &quot;geometry.fill&quot;,        &quot;stylers&quot;: [            {                &quot;color&quot;: &quot;#ffffff&quot;            }        ]    },    {        &quot;featureType&quot;: &quot;landscape.man_made&quot;,        &quot;elementType&quot;: &quot;geometry.fill&quot;,        &quot;stylers&quot;: [            {                &quot;color&quot;: &quot;#ffffff&quot;            }        ]    },    {        &quot;featureType&quot;: &quot;poi&quot;,        &quot;elementType&quot;: &quot;all&quot;,        &quot;stylers&quot;: [            {                &quot;visibility&quot;: &quot;off&quot;            }        ]    },    {        &quot;featureType&quot;: &quot;road&quot;,        &quot;elementType&quot;: &quot;all&quot;,        &quot;stylers&quot;: [            {                &quot;saturation&quot;: -100            },            {                &quot;lightness&quot;: 45            }        ]    },    {        &quot;featureType&quot;: &quot;road&quot;,        &quot;elementType&quot;: &quot;geometry.fill&quot;,        &quot;stylers&quot;: [            {                &quot;color&quot;: &quot;#eeeeee&quot;            }        ]    },    {        &quot;featureType&quot;: &quot;road&quot;,        &quot;elementType&quot;: &quot;labels.text.fill&quot;,        &quot;stylers&quot;: [            {                &quot;color&quot;: &quot;#7b7b7b&quot;            }        ]    },    {        &quot;featureType&quot;: &quot;road&quot;,        &quot;elementType&quot;: &quot;labels.text.stroke&quot;,        &quot;stylers&quot;: [            {                &quot;color&quot;: &quot;#ffffff&quot;            }        ]    },    {        &quot;featureType&quot;: &quot;road.highway&quot;,        &quot;elementType&quot;: &quot;all&quot;,        &quot;stylers&quot;: [            {                &quot;visibility&quot;: &quot;simplified&quot;            }        ]    },    {        &quot;featureType&quot;: &quot;road.arterial&quot;,        &quot;elementType&quot;: &quot;labels.icon&quot;,        &quot;stylers&quot;: [            {                &quot;visibility&quot;: &quot;off&quot;            }        ]    },    {        &quot;featureType&quot;: &quot;transit&quot;,        &quot;elementType&quot;: &quot;all&quot;,        &quot;stylers&quot;: [            {                &quot;visibility&quot;: &quot;off&quot;            }        ]    },    {        &quot;featureType&quot;: &quot;water&quot;,        &quot;elementType&quot;: &quot;all&quot;,        &quot;stylers&quot;: [            {                &quot;color&quot;: &quot;#46bcec&quot;            },            {                &quot;visibility&quot;: &quot;on&quot;            }        ]    },    {        &quot;featureType&quot;: &quot;water&quot;,        &quot;elementType&quot;: &quot;geometry.fill&quot;,        &quot;stylers&quot;: [            {                &quot;color&quot;: &quot;#c8d7d4&quot;            }        ]    },    {        &quot;featureType&quot;: &quot;water&quot;,        &quot;elementType&quot;: &quot;labels.text.fill&quot;,        &quot;stylers&quot;: [            {                &quot;color&quot;: &quot;#070707&quot;            }        ]    },    {        &quot;featureType&quot;: &quot;water&quot;,        &quot;elementType&quot;: &quot;labels.text.stroke&quot;,        &quot;stylers&quot;: [            {                &quot;color&quot;: &quot;#ffffff&quot;            }        ]    }]\"\n\t\t\tdata-stroke-color=\"\"\n\t\t\tdata-stroke-opacity=\"\"\n\t\t\tdata-stroke-weight=\"\"\n\t\t\tdata-stroke-fill=\"\"\n\t\t\tdata-stroke-fill-opacity=\"\"\n\t\t\tdata-origin-lat=\"\"\n\t\t\tdata-origin-lng=\"\"\n\t\t\tdata-dest-lat=\"\"\n\t\t\tdata-dest-lng=\"\"\n\t\t\tdata-travel-mode=\"\"\n\t\t\t><\/div>\n\n\t\t\t\n\t\t<\/div>\n\t\t\t\t\t\t<\/div>\n\t\t\t\t<\/div>\n\t\t<div class=\"elementor-element elementor-element-4f43c1e e-con-full e-flex e-con e-child\" data-id=\"4f43c1e\" data-element_type=\"container\">\n\t\t<div class=\"elementor-element elementor-element-74f92b7 e-grid e-con-full e-con e-child\" data-id=\"74f92b7\" data-element_type=\"container\">\n\t\t<div class=\"elementor-element elementor-element-c5feedf e-con-full e-flex e-con e-child\" data-id=\"c5feedf\" data-element_type=\"container\" data-settings=\"{&quot;background_background&quot;:&quot;classic&quot;}\">\n\t\t\t\t<div class=\"elementor-element elementor-element-7828dd9 elementor-widget elementor-widget-heading\" data-id=\"7828dd9\" data-element_type=\"widget\" data-widget_type=\"heading.default\">\n\t\t\t\t\t<h6 class=\"elementor-heading-title elementor-size-default\">Standort Ludwigshafen<\/h6>\t\t\t\t<\/div>\n\t\t\t\t<div class=\"elementor-element elementor-element-d1134ad elementor-widget elementor-widget-heading\" data-id=\"d1134ad\" data-element_type=\"widget\" data-widget_type=\"heading.default\">\n\t\t\t\t\t<h5 class=\"elementor-heading-title elementor-size-default\">GMT Gefahrenmeldetechnik GmbH<\/h5>\t\t\t\t<\/div>\n\t\t\t\t<div class=\"elementor-element elementor-element-92de51a elementor-widget elementor-widget-text-editor\" data-id=\"92de51a\" data-element_type=\"widget\" data-widget_type=\"text-editor.default\">\n\t\t\t\t\t\t\t\t\t<p>Brunhildenstr. 9<br \/>67059 Ludwigshafen<\/p><p>Tel. <a href=\"tel:+49621516597\" target=\"_blank\" rel=\"noopener\">+49 6 21 \u2013 51 65 97<\/a><br \/>E-mail: <a title=\"info@gmt-alarm.de\" href=\"mailto:info@gmt-alarm.de\">info@gmt-alarm.de<\/a><\/p>\t\t\t\t\t\t\t\t<\/div>\n\t\t\t\t<\/div>\n\t\t\t\t<\/div>\n\t\t\t\t<\/div>\n\t\t\t\t\t<\/div>\n\t\t\t\t<\/div>\n\t\t<div class=\"elementor-element elementor-element-4dda8fd e-flex e-con-boxed e-con e-parent\" data-id=\"4dda8fd\" data-element_type=\"container\">\n\t\t\t\t\t<div class=\"e-con-inner\">\n\t\t<div class=\"elementor-element elementor-element-d5651f3 e-grid e-con-full e-con e-child\" data-id=\"d5651f3\" data-element_type=\"container\">\n\t\t<div class=\"elementor-element elementor-element-4f7eeba e-con-full e-flex e-con e-child\" data-id=\"4f7eeba\" data-element_type=\"container\" data-settings=\"{&quot;background_background&quot;:&quot;classic&quot;}\">\n\t\t\t\t<div class=\"elementor-element elementor-element-aca3d26 elementor-align-left elementor-widget elementor-widget-lottie\" data-id=\"aca3d26\" data-element_type=\"widget\" data-settings=\"{&quot;source_json&quot;:{&quot;url&quot;:&quot;https:\\\/\\\/nta-gruppe.de\\\/wp-content\\\/uploads\\\/2025\\\/08\\\/Connection-1.json&quot;,&quot;id&quot;:293,&quot;size&quot;:&quot;&quot;,&quot;alt&quot;:&quot;&quot;,&quot;source&quot;:&quot;library&quot;},&quot;source&quot;:&quot;media_file&quot;,&quot;caption_source&quot;:&quot;none&quot;,&quot;link_to&quot;:&quot;none&quot;,&quot;trigger&quot;:&quot;arriving_to_viewport&quot;,&quot;viewport&quot;:{&quot;unit&quot;:&quot;%&quot;,&quot;size&quot;:&quot;&quot;,&quot;sizes&quot;:{&quot;start&quot;:0,&quot;end&quot;:100}},&quot;play_speed&quot;:{&quot;unit&quot;:&quot;px&quot;,&quot;size&quot;:1,&quot;sizes&quot;:[]},&quot;start_point&quot;:{&quot;unit&quot;:&quot;%&quot;,&quot;size&quot;:0,&quot;sizes&quot;:[]},&quot;end_point&quot;:{&quot;unit&quot;:&quot;%&quot;,&quot;size&quot;:100,&quot;sizes&quot;:[]},&quot;renderer&quot;:&quot;svg&quot;}\" data-widget_type=\"lottie.default\">\n\t\t\t\t\t<div class=\"e-lottie__container\"><div class=\"e-lottie__animation\"><\/div><\/div>\t\t\t\t<\/div>\n\t\t\t\t<div class=\"elementor-element elementor-element-74ecc4e elementor-widget elementor-widget-heading\" data-id=\"74ecc4e\" data-element_type=\"widget\" data-widget_type=\"heading.default\">\n\t\t\t\t\t<h5 class=\"elementor-heading-title elementor-size-default\">Ganzheitliche Sicherheits- und Gefahrenmeldetechnik<\/h5>\t\t\t\t<\/div>\n\t\t\t\t<div class=\"elementor-element elementor-element-af1e317 elementor-widget elementor-widget-text-editor\" data-id=\"af1e317\" data-element_type=\"widget\" data-widget_type=\"text-editor.default\">\n\t\t\t\t\t\t\t\t\tGMT betrachtet Sicherheitstechnik als ganzheitliches System. Von Einbruch- und Brandmeldetechnik \u00fcber Video\u00fcberwachung bis hin zu Zutrittskontrolle entstehen intelligente Sicherheitsl\u00f6sungen, die optimal aufeinander abgestimmt sind und individuell an die Anforderungen von Unternehmen, \u00f6ffentlichen Einrichtungen und privaten Objekten angepasst werden.\t\t\t\t\t\t\t\t<\/div>\n\t\t\t\t<\/div>\n\t\t<div class=\"elementor-element elementor-element-104b9c9 e-con-full e-flex e-con e-child\" data-id=\"104b9c9\" data-element_type=\"container\" data-settings=\"{&quot;background_background&quot;:&quot;classic&quot;}\">\n\t\t\t\t<div class=\"elementor-element elementor-element-535b496 elementor-align-left elementor-widget elementor-widget-lottie\" data-id=\"535b496\" data-element_type=\"widget\" data-settings=\"{&quot;source_json&quot;:{&quot;url&quot;:&quot;https:\\\/\\\/nta-gruppe.de\\\/wp-content\\\/uploads\\\/2025\\\/08\\\/Directions-4.json&quot;,&quot;id&quot;:298,&quot;size&quot;:&quot;&quot;,&quot;alt&quot;:&quot;&quot;,&quot;source&quot;:&quot;library&quot;},&quot;source&quot;:&quot;media_file&quot;,&quot;caption_source&quot;:&quot;none&quot;,&quot;link_to&quot;:&quot;none&quot;,&quot;trigger&quot;:&quot;arriving_to_viewport&quot;,&quot;viewport&quot;:{&quot;unit&quot;:&quot;%&quot;,&quot;size&quot;:&quot;&quot;,&quot;sizes&quot;:{&quot;start&quot;:0,&quot;end&quot;:100}},&quot;play_speed&quot;:{&quot;unit&quot;:&quot;px&quot;,&quot;size&quot;:1,&quot;sizes&quot;:[]},&quot;start_point&quot;:{&quot;unit&quot;:&quot;%&quot;,&quot;size&quot;:0,&quot;sizes&quot;:[]},&quot;end_point&quot;:{&quot;unit&quot;:&quot;%&quot;,&quot;size&quot;:100,&quot;sizes&quot;:[]},&quot;renderer&quot;:&quot;svg&quot;}\" data-widget_type=\"lottie.default\">\n\t\t\t\t\t<div class=\"e-lottie__container\"><div class=\"e-lottie__animation\"><\/div><\/div>\t\t\t\t<\/div>\n\t\t\t\t<div class=\"elementor-element elementor-element-a753e3c elementor-widget elementor-widget-heading\" data-id=\"a753e3c\" data-element_type=\"widget\" data-widget_type=\"heading.default\">\n\t\t\t\t\t<h5 class=\"elementor-heading-title elementor-size-default\">Zertifizierte Qualit\u00e4t, die Vertrauen schafft<\/h5>\t\t\t\t<\/div>\n\t\t\t\t<div class=\"elementor-element elementor-element-fb633a1 elementor-widget elementor-widget-text-editor\" data-id=\"fb633a1\" data-element_type=\"widget\" data-widget_type=\"text-editor.default\">\n\t\t\t\t\t\t\t\t\tDie langj\u00e4hrige Erfahrung im Bereich moderner Sicherheitstechnik wird durch zahlreiche Zertifizierungen und anerkannte Standards erg\u00e4nzt. Als VdS-zertifiziertes Errichterunternehmen erf\u00fcllt GMT h\u00f6chste Anforderungen an Planung, Installation und Wartung sicherheitstechnischer Anlagen. Erg\u00e4nzt wird dies durch Zertifizierungen nach DIN 14675, DIN EN 16763 sowie ein Qualit\u00e4tsmanagement nach DIN EN ISO 9001 \u2013 f\u00fcr maximale Sicherheit und nachhaltige Zuverl\u00e4ssigkeit.\t\t\t\t\t\t\t\t<\/div>\n\t\t\t\t<\/div>\n\t\t<div class=\"elementor-element elementor-element-57eb065 e-con-full e-flex e-con e-child\" data-id=\"57eb065\" data-element_type=\"container\" data-settings=\"{&quot;background_background&quot;:&quot;classic&quot;}\">\n\t\t\t\t<div class=\"elementor-element elementor-element-231cb1e elementor-align-left elementor-widget elementor-widget-lottie\" data-id=\"231cb1e\" data-element_type=\"widget\" data-settings=\"{&quot;source_json&quot;:{&quot;url&quot;:&quot;https:\\\/\\\/nta-gruppe.de\\\/wp-content\\\/uploads\\\/2025\\\/08\\\/Chat-Bubbles.json&quot;,&quot;id&quot;:285,&quot;size&quot;:&quot;&quot;,&quot;alt&quot;:&quot;&quot;,&quot;source&quot;:&quot;library&quot;},&quot;source&quot;:&quot;media_file&quot;,&quot;caption_source&quot;:&quot;none&quot;,&quot;link_to&quot;:&quot;none&quot;,&quot;trigger&quot;:&quot;arriving_to_viewport&quot;,&quot;viewport&quot;:{&quot;unit&quot;:&quot;%&quot;,&quot;size&quot;:&quot;&quot;,&quot;sizes&quot;:{&quot;start&quot;:0,&quot;end&quot;:100}},&quot;play_speed&quot;:{&quot;unit&quot;:&quot;px&quot;,&quot;size&quot;:1,&quot;sizes&quot;:[]},&quot;start_point&quot;:{&quot;unit&quot;:&quot;%&quot;,&quot;size&quot;:0,&quot;sizes&quot;:[]},&quot;end_point&quot;:{&quot;unit&quot;:&quot;%&quot;,&quot;size&quot;:100,&quot;sizes&quot;:[]},&quot;renderer&quot;:&quot;svg&quot;}\" data-widget_type=\"lottie.default\">\n\t\t\t\t\t<div class=\"e-lottie__container\"><div class=\"e-lottie__animation\"><\/div><\/div>\t\t\t\t<\/div>\n\t\t\t\t<div class=\"elementor-element elementor-element-37f9368 elementor-widget elementor-widget-heading\" data-id=\"37f9368\" data-element_type=\"widget\" data-widget_type=\"heading.default\">\n\t\t\t\t\t<h5 class=\"elementor-heading-title elementor-size-default\">Personal service &amp; reliable support<\/h5>\t\t\t\t<\/div>\n\t\t\t\t<div class=\"elementor-element elementor-element-bb38995 elementor-widget elementor-widget-text-editor\" data-id=\"bb38995\" data-element_type=\"widget\" data-widget_type=\"text-editor.default\">\n\t\t\t\t\t\t\t\t\tBei GMT steht die partnerschaftliche Zusammenarbeit im Mittelpunkt. Von der ersten Beratung \u00fcber die Projektierung bis hin zur langfristigen Betreuung profitieren Kunden von festen Ansprechpartnern, kurzen Reaktionszeiten und einem hohen technischen Anspruch. So entstehen Sicherheitsl\u00f6sungen, die nicht nur zuverl\u00e4ssig funktionieren, sondern auch langfristig Vertrauen schaffen.\t\t\t\t\t\t\t\t<\/div>\n\t\t\t\t<\/div>\n\t\t\t\t<\/div>\n\t\t\t\t\t<\/div>\n\t\t\t\t<\/div>\n\t\t\t\t<\/div>","protected":false},"excerpt":{"rendered":"<p>\u00dcber 30 Jahre Kompetenz GTM Gefahrenmeldetechnik GmbH Seit \u00fcber 35 Jahren steht GMT Gefahrenmeldetechnik GmbH f\u00fcr hochwertige Sicherheitsl\u00f6sungen in den Bereichen Einbruchmeldetechnik, Brandmeldetechnik, Video\u00fcberwachung sowie Zutrittskontrolle und betreut sowohl gewerbliche als auch private Kunden mit individuell geplanten Sicherheitskonzepten. Besonders hervorzuheben sind die umfangreichen VdS-Zertifizierungen des Unternehmens. Die GMT Gefahrenmeldetechnik ist als VdS-anerkanntes Errichterunternehmen f\u00fcr Einbruchmeldeanlagen [&hellip;]<\/p>","protected":false},"author":1,"featured_media":0,"parent":24,"menu_order":0,"comment_status":"closed","ping_status":"closed","template":"","meta":{"footnotes":""},"class_list":["post-1882","page","type-page","status-publish","hentry"],"_links":{"self":[{"href":"https:\/\/nta-gruppe.de\/en\/wp-json\/wp\/v2\/pages\/1882","targetHints":{"allow":["GET"]}}],"collection":[{"href":"https:\/\/nta-gruppe.de\/en\/wp-json\/wp\/v2\/pages"}],"about":[{"href":"https:\/\/nta-gruppe.de\/en\/wp-json\/wp\/v2\/types\/page"}],"author":[{"embeddable":true,"href":"https:\/\/nta-gruppe.de\/en\/wp-json\/wp\/v2\/users\/1"}],"replies":[{"embeddable":true,"href":"https:\/\/nta-gruppe.de\/en\/wp-json\/wp\/v2\/comments?post=1882"}],"version-history":[{"count":11,"href":"https:\/\/nta-gruppe.de\/en\/wp-json\/wp\/v2\/pages\/1882\/revisions"}],"predecessor-version":[{"id":1901,"href":"https:\/\/nta-gruppe.de\/en\/wp-json\/wp\/v2\/pages\/1882\/revisions\/1901"}],"up":[{"embeddable":true,"href":"https:\/\/nta-gruppe.de\/en\/wp-json\/wp\/v2\/pages\/24"}],"wp:attachment":[{"href":"https:\/\/nta-gruppe.de\/en\/wp-json\/wp\/v2\/media?parent=1882"}],"curies":[{"name":"wp","href":"https:\/\/api.w.org\/{rel}","templated":true}]}}