{"id":20,"date":"2025-07-30T13:10:13","date_gmt":"2025-07-30T11:10:13","guid":{"rendered":"https:\/\/priceless-northcutt.83-171-239-208.plesk.page\/?page_id=20"},"modified":"2025-11-07T03:50:35","modified_gmt":"2025-11-07T02:50:35","slug":"management","status":"publish","type":"page","link":"https:\/\/nta-gruppe.de\/en\/group\/management\/","title":{"rendered":"Management"},"content":{"rendered":"<div data-elementor-type=\"wp-page\" data-elementor-id=\"20\" class=\"elementor elementor-20\" data-elementor-post-type=\"page\">\n\t\t\t\t<div data-ha-partstyle=\"default\" data-ha-partcolor=\"#FFFFFF\" data-ha-partopacity=\"0.7\" data-ha-partdirection=\"bottom\" data-ha-partnum=\"\" data-ha-partsize=\"\" data-ha-partspeed=\"0.4\" data-ha-interactive=\"yes\" class=\"elementor-element elementor-element-63ef8ed ha-particle-yes ha-particle-adv-yes e-flex e-con-boxed e-con e-parent\" data-id=\"63ef8ed\" data-element_type=\"container\" data-settings=\"{&quot;background_background&quot;:&quot;gradient&quot;}\">\n\t\t\t\t\t<div class=\"e-con-inner\">\n\t\t<div class=\"elementor-element elementor-element-471506c e-con-full e-flex e-con e-child\" data-id=\"471506c\" data-element_type=\"container\">\n\t\t<div class=\"elementor-element elementor-element-3d92f23 e-flex e-con-boxed e-con e-child\" data-id=\"3d92f23\" data-element_type=\"container\">\n\t\t\t\t\t<div class=\"e-con-inner\">\n\t\t<div class=\"elementor-element elementor-element-92e169d e-con-full e-flex e-con e-child\" data-id=\"92e169d\" data-element_type=\"container\">\n\t\t\t\t<div class=\"elementor-element elementor-element-f14436b elementor-widget elementor-widget-heading\" data-id=\"f14436b\" data-element_type=\"widget\" data-widget_type=\"heading.default\">\n\t\t\t\t\t<h3 class=\"elementor-heading-title elementor-size-default\">Competence, responsibility, and an eye on the future.<\/h3>\t\t\t\t<\/div>\n\t\t\t\t<\/div>\n\t\t<div class=\"elementor-element elementor-element-532a926 e-con-full e-flex e-con e-child\" data-id=\"532a926\" data-element_type=\"container\">\n\t\t\t\t<div class=\"elementor-element elementor-element-b32e5e2 elementor-hidden-mobile elementor-widget elementor-widget-image\" data-id=\"b32e5e2\" data-element_type=\"widget\" data-widget_type=\"image.default\">\n\t\t\t\t\t\t\t\t\t\t\t\t\t\t\t<img fetchpriority=\"high\" decoding=\"async\" width=\"800\" height=\"800\" src=\"https:\/\/nta-gruppe.de\/wp-content\/uploads\/2025\/08\/Square-Digital-Stockfotos-114.jpg\" class=\"attachment-large size-large wp-image-361\" alt=\"\" srcset=\"https:\/\/nta-gruppe.de\/wp-content\/uploads\/2025\/08\/Square-Digital-Stockfotos-114.jpg 852w, https:\/\/nta-gruppe.de\/wp-content\/uploads\/2025\/08\/Square-Digital-Stockfotos-114-300x300.jpg 300w, https:\/\/nta-gruppe.de\/wp-content\/uploads\/2025\/08\/Square-Digital-Stockfotos-114-150x150.jpg 150w, https:\/\/nta-gruppe.de\/wp-content\/uploads\/2025\/08\/Square-Digital-Stockfotos-114-768x768.jpg 768w\" sizes=\"(max-width: 800px) 100vw, 800px\" \/>\t\t\t\t\t\t\t\t\t\t\t\t\t\t\t<\/div>\n\t\t\t\t<\/div>\n\t\t\t\t\t<\/div>\n\t\t\t\t<\/div>\n\t\t\t\t<\/div>\n\t\t\t\t\t<\/div>\n\t\t\t\t<\/div>\n\t\t<div class=\"elementor-element elementor-element-bbb07a0 e-flex e-con-boxed e-con e-parent\" data-id=\"bbb07a0\" data-element_type=\"container\">\n\t\t\t\t\t<div class=\"e-con-inner\">\n\t\t\t\t<div class=\"elementor-element elementor-element-4b3ed3f elementor-widget elementor-widget-heading\" data-id=\"4b3ed3f\" data-element_type=\"widget\" data-widget_type=\"heading.default\">\n\t\t\t\t\t<h1 class=\"elementor-heading-title elementor-size-default\">Leadership with experience and vision<\/h1>\t\t\t\t<\/div>\n\t\t\t\t<div class=\"elementor-element elementor-element-77e72b0 elementor-align-left elementor-widget elementor-widget-lottie\" data-id=\"77e72b0\" data-element_type=\"widget\" data-settings=\"{&quot;source_json&quot;:{&quot;url&quot;:&quot;https:\\\/\\\/nta-gruppe.de\\\/wp-content\\\/uploads\\\/2025\\\/08\\\/NTA-Linie-Verlauf.json&quot;,&quot;id&quot;:251,&quot;size&quot;:&quot;&quot;,&quot;alt&quot;:&quot;&quot;,&quot;source&quot;:&quot;library&quot;},&quot;play_speed&quot;:{&quot;unit&quot;:&quot;px&quot;,&quot;size&quot;:0.6,&quot;sizes&quot;:[]},&quot;source&quot;:&quot;media_file&quot;,&quot;caption_source&quot;:&quot;none&quot;,&quot;link_to&quot;:&quot;none&quot;,&quot;trigger&quot;:&quot;arriving_to_viewport&quot;,&quot;viewport&quot;:{&quot;unit&quot;:&quot;%&quot;,&quot;size&quot;:&quot;&quot;,&quot;sizes&quot;:{&quot;start&quot;:0,&quot;end&quot;:100}},&quot;start_point&quot;:{&quot;unit&quot;:&quot;%&quot;,&quot;size&quot;:0,&quot;sizes&quot;:[]},&quot;end_point&quot;:{&quot;unit&quot;:&quot;%&quot;,&quot;size&quot;:100,&quot;sizes&quot;:[]},&quot;renderer&quot;:&quot;svg&quot;}\" data-widget_type=\"lottie.default\">\n\t\t\t\t\t<div class=\"e-lottie__container\"><div class=\"e-lottie__animation\"><\/div><\/div>\t\t\t\t<\/div>\n\t\t\t\t<div class=\"elementor-element elementor-element-ad05d12 elementor-widget elementor-widget-text-editor\" data-id=\"ad05d12\" data-element_type=\"widget\" data-widget_type=\"text-editor.default\">\n\t\t\t\t\t\t\t\t\t<p>The NTA Group&#039;s management combines extensive industry experience with strategic vision. Our leaders bring expertise in the areas of security, communications, and IT and represent a clear growth strategy that combines reliability with innovation. Together, they lead the group in a dynamic market environment \u2013 with a focus on sustainable success, stable partnerships, and the continuous development of the group.<\/p>\t\t\t\t\t\t\t\t<\/div>\n\t\t\t\t\t<\/div>\n\t\t\t\t<\/div>\n\t\t<div class=\"elementor-element elementor-element-ff23052 e-grid e-con-boxed e-con e-parent\" data-id=\"ff23052\" data-element_type=\"container\">\n\t\t\t\t\t<div class=\"e-con-inner\">\n\t\t<div class=\"elementor-element elementor-element-004581e e-con-full e-flex e-con e-child\" data-id=\"004581e\" data-element_type=\"container\">\n\t\t<div class=\"elementor-element elementor-element-35a7c19 e-con-full e-flex e-con e-child\" data-id=\"35a7c19\" data-element_type=\"container\">\n\t\t\t\t<div class=\"elementor-element elementor-element-b466df0 elementor-widget elementor-widget-image\" data-id=\"b466df0\" data-element_type=\"widget\" data-widget_type=\"image.default\">\n\t\t\t\t\t\t\t\t\t\t\t\t\t\t\t<img decoding=\"async\" width=\"500\" height=\"500\" src=\"https:\/\/nta-gruppe.de\/wp-content\/uploads\/2025\/08\/1568975859481.jpeg\" class=\"attachment-large size-large wp-image-1195\" alt=\"\" srcset=\"https:\/\/nta-gruppe.de\/wp-content\/uploads\/2025\/08\/1568975859481.jpeg 500w, https:\/\/nta-gruppe.de\/wp-content\/uploads\/2025\/08\/1568975859481-300x300.jpeg 300w, https:\/\/nta-gruppe.de\/wp-content\/uploads\/2025\/08\/1568975859481-150x150.jpeg 150w\" sizes=\"(max-width: 500px) 100vw, 500px\" \/>\t\t\t\t\t\t\t\t\t\t\t\t\t\t\t<\/div>\n\t\t\t\t<div class=\"elementor-element elementor-element-89732c1 elementor-widget elementor-widget-heading\" data-id=\"89732c1\" data-element_type=\"widget\" data-widget_type=\"heading.default\">\n\t\t\t\t\t<h4 class=\"elementor-heading-title elementor-size-default\">Dr. Marc Achhammer \u2013 Group CEO<\/h4>\t\t\t\t<\/div>\n\t\t\t\t<div class=\"elementor-element elementor-element-9fc0514 elementor-widget elementor-widget-text-editor\" data-id=\"9fc0514\" data-element_type=\"widget\" data-widget_type=\"text-editor.default\">\n\t\t\t\t\t\t\t\t\t<p>As Managing Director of the NTA Group, Dr. Marc Achhammer is responsible for the strategic direction and operational business. Having served as Senior Vice President of Sales Key Accounts at Unify, COO and Managing Director at B2X Care Solutions, and CHRO and COO of the KATEK GROUP, he brings extensive management experience in international technology companies.<\/p><p>He received his doctorate in physics from the University of Regensburg and also studied philosophy.<\/p>\t\t\t\t\t\t\t\t<\/div>\n\t\t\t\t<\/div>\n\t\t\t\t<\/div>\n\t\t<div class=\"elementor-element elementor-element-ac69d81 e-con-full e-flex e-con e-child\" data-id=\"ac69d81\" data-element_type=\"container\">\n\t\t<div class=\"elementor-element elementor-element-4dcbe74 e-con-full e-flex e-con e-child\" data-id=\"4dcbe74\" data-element_type=\"container\">\n\t\t\t\t<div class=\"elementor-element elementor-element-485f089 elementor-widget elementor-widget-image\" data-id=\"485f089\" data-element_type=\"widget\" data-widget_type=\"image.default\">\n\t\t\t\t\t\t\t\t\t\t\t\t\t\t\t<img decoding=\"async\" width=\"507\" height=\"507\" src=\"https:\/\/nta-gruppe.de\/wp-content\/uploads\/2025\/08\/Kai-Meissner-e1755793626524.webp\" class=\"attachment-large size-large wp-image-1197\" alt=\"\" srcset=\"https:\/\/nta-gruppe.de\/wp-content\/uploads\/2025\/08\/Kai-Meissner-e1755793626524.webp 507w, https:\/\/nta-gruppe.de\/wp-content\/uploads\/2025\/08\/Kai-Meissner-e1755793626524-300x300.webp 300w, https:\/\/nta-gruppe.de\/wp-content\/uploads\/2025\/08\/Kai-Meissner-e1755793626524-150x150.webp 150w\" sizes=\"(max-width: 507px) 100vw, 507px\" \/>\t\t\t\t\t\t\t\t\t\t\t\t\t\t\t<\/div>\n\t\t\t\t<div class=\"elementor-element elementor-element-62a5c88 elementor-widget elementor-widget-heading\" data-id=\"62a5c88\" data-element_type=\"widget\" data-widget_type=\"heading.default\">\n\t\t\t\t\t<h4 class=\"elementor-heading-title elementor-size-default\">Kai Meissner \u2013 Managing Director, MTG Kommunikations-Technik GmbH<\/h4>\t\t\t\t<\/div>\n\t\t\t\t<div class=\"elementor-element elementor-element-e59d69d elementor-widget elementor-widget-text-editor\" data-id=\"e59d69d\" data-element_type=\"widget\" data-widget_type=\"text-editor.default\">\n\t\t\t\t\t\t\t\t\t<p>He has been a Managing Director at MTG for many years, with proven expertise in communications and network technology. Previously, he held management positions at Siemens (including Head of Service and Head of Implementation Management) and at BVG (German Public Transport Authority). His focus was on implementing complex communications projects.<\/p>\t\t\t\t\t\t\t\t<\/div>\n\t\t\t\t<\/div>\n\t\t\t\t<\/div>\n\t\t<div class=\"elementor-element elementor-element-1da2f81 e-con-full e-flex e-con e-child\" data-id=\"1da2f81\" data-element_type=\"container\">\n\t\t<div class=\"elementor-element elementor-element-e2b21cc e-con-full e-flex e-con e-child\" data-id=\"e2b21cc\" data-element_type=\"container\">\n\t\t\t\t<div class=\"elementor-element elementor-element-b8880c1 elementor-widget elementor-widget-image\" data-id=\"b8880c1\" data-element_type=\"widget\" data-widget_type=\"image.default\">\n\t\t\t\t\t\t\t\t\t\t\t\t\t\t\t<img loading=\"lazy\" decoding=\"async\" width=\"727\" height=\"751\" src=\"https:\/\/nta-gruppe.de\/wp-content\/uploads\/2025\/08\/mx.webp\" class=\"attachment-large size-large wp-image-1692\" alt=\"Torsten Marx\" srcset=\"https:\/\/nta-gruppe.de\/wp-content\/uploads\/2025\/08\/mx.webp 727w, https:\/\/nta-gruppe.de\/wp-content\/uploads\/2025\/08\/mx-290x300.webp 290w\" sizes=\"(max-width: 727px) 100vw, 727px\" \/>\t\t\t\t\t\t\t\t\t\t\t\t\t\t\t<\/div>\n\t\t\t\t<div class=\"elementor-element elementor-element-20120fc elementor-widget elementor-widget-heading\" data-id=\"20120fc\" data-element_type=\"widget\" data-widget_type=\"heading.default\">\n\t\t\t\t\t<h4 class=\"elementor-heading-title elementor-size-default\">Torsten Marx \u2013 Managing Director, NTA Systemhaus GmbH &amp; Co. KG<\/h4>\t\t\t\t<\/div>\n\t\t\t\t<div class=\"elementor-element elementor-element-b7c0936 elementor-widget elementor-widget-text-editor\" data-id=\"b7c0936\" data-element_type=\"widget\" data-widget_type=\"text-editor.default\">\n\t\t\t\t\t\t\t\t\t<p data-start=\"620\" data-end=\"1014\">Co-founder of the NTA Group and managing director of NTA Systemhaus for many years. He is also a board member of the German Telecommunications Association. Previously, he held positions as a product manager at R&amp;M and as a branch manager at Euromicron AG. His focus is on corporate development and sales.<\/p>\t\t\t\t\t\t\t\t<\/div>\n\t\t\t\t<\/div>\n\t\t\t\t<\/div>\n\t\t<div class=\"elementor-element elementor-element-e02f665 e-con-full e-flex e-con e-child\" data-id=\"e02f665\" data-element_type=\"container\">\n\t\t\t\t<div class=\"elementor-element elementor-element-86fcc31 elementor-widget elementor-widget-image\" data-id=\"86fcc31\" data-element_type=\"widget\" data-widget_type=\"image.default\">\n\t\t\t\t\t\t\t\t\t\t\t\t\t\t\t<img loading=\"lazy\" decoding=\"async\" width=\"800\" height=\"800\" src=\"https:\/\/nta-gruppe.de\/wp-content\/uploads\/2025\/11\/Grossmann-Maximilian-003-C-Q-1024x1024.webp\" class=\"attachment-large size-large wp-image-1812\" alt=\"Maximilian Grossmann\" srcset=\"https:\/\/nta-gruppe.de\/wp-content\/uploads\/2025\/11\/Grossmann-Maximilian-003-C-Q-1024x1024.webp 1024w, https:\/\/nta-gruppe.de\/wp-content\/uploads\/2025\/11\/Grossmann-Maximilian-003-C-Q-300x300.webp 300w, https:\/\/nta-gruppe.de\/wp-content\/uploads\/2025\/11\/Grossmann-Maximilian-003-C-Q-150x150.webp 150w, https:\/\/nta-gruppe.de\/wp-content\/uploads\/2025\/11\/Grossmann-Maximilian-003-C-Q-768x768.webp 768w, https:\/\/nta-gruppe.de\/wp-content\/uploads\/2025\/11\/Grossmann-Maximilian-003-C-Q-12x12.webp 12w, https:\/\/nta-gruppe.de\/wp-content\/uploads\/2025\/11\/Grossmann-Maximilian-003-C-Q.webp 1067w\" sizes=\"(max-width: 800px) 100vw, 800px\" \/>\t\t\t\t\t\t\t\t\t\t\t\t\t\t\t<\/div>\n\t\t\t\t<div class=\"elementor-element elementor-element-ab182d9 elementor-widget elementor-widget-heading\" data-id=\"ab182d9\" data-element_type=\"widget\" data-widget_type=\"heading.default\">\n\t\t\t\t\t<h4 class=\"elementor-heading-title elementor-size-default\">Maximilian Grossmann \u2013 Corporate Finance \/ Managing Director, Hieronymus Sicherheits- Systemhaus GmbH &amp; Co. KG<\/h4>\t\t\t\t<\/div>\n\t\t\t\t<div class=\"elementor-element elementor-element-02b3fe5 elementor-widget elementor-widget-text-editor\" data-id=\"02b3fe5\" data-element_type=\"widget\" data-widget_type=\"text-editor.default\">\n\t\t\t\t\t\t\t\t\t<p data-pm-slice=\"0 0 []\">Maximilian Grossmann is responsible for the group&#039;s corporate finance and has been Managing Director of HSS for over ten years. Previously, he held various positions in the German energy sector, including corporate controlling and as a marketing program manager at General Electric, where he was responsible for the strategic direction in the energy sector. He holds a Master&#039;s degree in International Business with a focus on marketing and finance from Maastricht University.<\/p>\t\t\t\t\t\t\t\t<\/div>\n\t\t\t\t<\/div>\n\t\t<div class=\"elementor-element elementor-element-a11328b e-con-full e-flex e-con e-child\" data-id=\"a11328b\" data-element_type=\"container\">\n\t\t\t\t<div class=\"elementor-element elementor-element-2feaefc elementor-widget elementor-widget-image\" data-id=\"2feaefc\" data-element_type=\"widget\" data-widget_type=\"image.default\">\n\t\t\t\t\t\t\t\t\t\t\t\t\t\t\t<img loading=\"lazy\" decoding=\"async\" width=\"289\" height=\"297\" src=\"https:\/\/nta-gruppe.de\/wp-content\/uploads\/2025\/09\/Lieber-1.webp\" class=\"attachment-large size-large wp-image-1773\" alt=\"\" \/>\t\t\t\t\t\t\t\t\t\t\t\t\t\t\t<\/div>\n\t\t\t\t<div class=\"elementor-element elementor-element-1028af3 elementor-widget elementor-widget-heading\" data-id=\"1028af3\" data-element_type=\"widget\" data-widget_type=\"heading.default\">\n\t\t\t\t\t<h4 class=\"elementor-heading-title elementor-size-default\">Benjamin Lieber - Strategic Business Development and M&amp;A<\/h4>\t\t\t\t<\/div>\n\t\t\t\t<div class=\"elementor-element elementor-element-564c34d elementor-widget elementor-widget-text-editor\" data-id=\"564c34d\" data-element_type=\"widget\" data-widget_type=\"text-editor.default\">\n\t\t\t\t\t\t\t\t\t<p data-start=\"620\" data-end=\"1014\">Benjamin Lieber is responsible for strategic business development and M&amp;A. He has extensive management experience in the telecommunications and security industries and, as co-founder, successfully led and sold a SaaS company. He is particularly passionate about developing innovations close to the market and driving sustainable company growth. He studied business administration and digital management in Mainz, Lisbon, and G\u00f6ttingen.<\/p>\t\t\t\t\t\t\t\t<\/div>\n\t\t\t\t<\/div>\n\t\t<div class=\"elementor-element elementor-element-a07c934 e-con-full e-flex e-con e-child\" data-id=\"a07c934\" data-element_type=\"container\">\n\t\t\t\t<div class=\"elementor-element elementor-element-0fd00b5 elementor-widget elementor-widget-image\" data-id=\"0fd00b5\" data-element_type=\"widget\" data-widget_type=\"image.default\">\n\t\t\t\t\t\t\t\t\t\t\t\t\t\t\t<img loading=\"lazy\" decoding=\"async\" width=\"800\" height=\"818\" src=\"https:\/\/nta-gruppe.de\/wp-content\/uploads\/2025\/09\/Ruh.webp\" class=\"attachment-large size-large wp-image-1774\" alt=\"Rest\" srcset=\"https:\/\/nta-gruppe.de\/wp-content\/uploads\/2025\/09\/Ruh.webp 1000w, https:\/\/nta-gruppe.de\/wp-content\/uploads\/2025\/09\/Ruh-293x300.webp 293w, https:\/\/nta-gruppe.de\/wp-content\/uploads\/2025\/09\/Ruh-768x786.webp 768w\" sizes=\"(max-width: 800px) 100vw, 800px\" \/>\t\t\t\t\t\t\t\t\t\t\t\t\t\t\t<\/div>\n\t\t\t\t<div class=\"elementor-element elementor-element-33df993 elementor-widget elementor-widget-heading\" data-id=\"33df993\" data-element_type=\"widget\" data-widget_type=\"heading.default\">\n\t\t\t\t\t<h4 class=\"elementor-heading-title elementor-size-default\">Elena Ruh \u2013 HR Partner<\/h4>\t\t\t\t<\/div>\n\t\t\t\t<div class=\"elementor-element elementor-element-dc353bc elementor-widget elementor-widget-text-editor\" data-id=\"dc353bc\" data-element_type=\"widget\" data-widget_type=\"text-editor.default\">\n\t\t\t\t\t\t\t\t\t<p data-start=\"620\" data-end=\"1014\">As HR Partner, Elena Ruh shapes the HR issues of the NTA Group, always keeping an eye on the future and development of our employees. She brings extensive experience from management consulting and her role as an HR Partner. Her diverse personal backgrounds also shape her career \u2013 from growing up on a farm to holding a Master&#039;s in Organizational Studies and a Bachelor&#039;s in Political Science and Public Administration.<\/p>\t\t\t\t\t\t\t\t<\/div>\n\t\t\t\t<\/div>\n\t\t<div class=\"elementor-element elementor-element-fae0103 e-con-full e-flex e-con e-child\" data-id=\"fae0103\" data-element_type=\"container\">\n\t\t\t\t<div class=\"elementor-element elementor-element-689d935 elementor-widget elementor-widget-image\" data-id=\"689d935\" data-element_type=\"widget\" data-widget_type=\"image.default\">\n\t\t\t\t\t\t\t\t\t\t\t\t\t\t\t<img loading=\"lazy\" decoding=\"async\" width=\"800\" height=\"801\" src=\"https:\/\/nta-gruppe.de\/wp-content\/uploads\/2025\/09\/Vestewig-Jens.webp\" class=\"attachment-large size-large wp-image-1775\" alt=\"\" srcset=\"https:\/\/nta-gruppe.de\/wp-content\/uploads\/2025\/09\/Vestewig-Jens.webp 1000w, https:\/\/nta-gruppe.de\/wp-content\/uploads\/2025\/09\/Vestewig-Jens-300x300.webp 300w, https:\/\/nta-gruppe.de\/wp-content\/uploads\/2025\/09\/Vestewig-Jens-150x150.webp 150w, https:\/\/nta-gruppe.de\/wp-content\/uploads\/2025\/09\/Vestewig-Jens-768x769.webp 768w\" sizes=\"(max-width: 800px) 100vw, 800px\" \/>\t\t\t\t\t\t\t\t\t\t\t\t\t\t\t<\/div>\n\t\t\t\t<div class=\"elementor-element elementor-element-d2fb108 elementor-widget elementor-widget-heading\" data-id=\"d2fb108\" data-element_type=\"widget\" data-widget_type=\"heading.default\">\n\t\t\t\t\t<h4 class=\"elementor-heading-title elementor-size-default\">Jens Vestewig \u2013 Corporate Sales Strategy<\/h4>\t\t\t\t<\/div>\n\t\t\t\t<div class=\"elementor-element elementor-element-3dd3ed0 elementor-widget elementor-widget-text-editor\" data-id=\"3dd3ed0\" data-element_type=\"widget\" data-widget_type=\"text-editor.default\">\n\t\t\t\t\t\t\t\t\t<p data-start=\"620\" data-end=\"1014\">Jens Vestewig is responsible for the strategic sales and marketing direction of the group and actively shapes tomorrow&#039;s market success. With more than 20 years of experience in sales and marketing in the ICT and security industries, he has demonstrated in management positions at market-leading companies how to develop markets, build strong customer relationships, and lead teams to peak performance.<\/p>\t\t\t\t\t\t\t\t<\/div>\n\t\t\t\t<\/div>\n\t\t\t\t\t<\/div>\n\t\t\t\t<\/div>\n\t\t\t\t<\/div>","protected":false},"excerpt":{"rendered":"<p>Kompetenz, Verantwortung, Zukunft im Blick. F\u00fchrung mit Erfahrung und Weitblick Das Management der NTA Gruppe vereint langj\u00e4hrige Branchenerfahrung mit strategischer Weitsicht. Unsere F\u00fchrungskr\u00e4fte bringen Expertise aus den Bereichen Sicherheit, Kommunikation und IT mit und stehen f\u00fcr eine klare Wachstumsstrategie, die Verl\u00e4sslichkeit mit Innovation verbindet. Gemeinsam f\u00fchren sie die Gruppe in einem dynamischen Marktumfeld \u2013 mit [&hellip;]<\/p>","protected":false},"author":1,"featured_media":0,"parent":16,"menu_order":0,"comment_status":"closed","ping_status":"closed","template":"","meta":{"footnotes":""},"class_list":["post-20","page","type-page","status-publish","hentry"],"_links":{"self":[{"href":"https:\/\/nta-gruppe.de\/en\/wp-json\/wp\/v2\/pages\/20","targetHints":{"allow":["GET"]}}],"collection":[{"href":"https:\/\/nta-gruppe.de\/en\/wp-json\/wp\/v2\/pages"}],"about":[{"href":"https:\/\/nta-gruppe.de\/en\/wp-json\/wp\/v2\/types\/page"}],"author":[{"embeddable":true,"href":"https:\/\/nta-gruppe.de\/en\/wp-json\/wp\/v2\/users\/1"}],"replies":[{"embeddable":true,"href":"https:\/\/nta-gruppe.de\/en\/wp-json\/wp\/v2\/comments?post=20"}],"version-history":[{"count":12,"href":"https:\/\/nta-gruppe.de\/en\/wp-json\/wp\/v2\/pages\/20\/revisions"}],"predecessor-version":[{"id":1815,"href":"https:\/\/nta-gruppe.de\/en\/wp-json\/wp\/v2\/pages\/20\/revisions\/1815"}],"up":[{"embeddable":true,"href":"https:\/\/nta-gruppe.de\/en\/wp-json\/wp\/v2\/pages\/16"}],"wp:attachment":[{"href":"https:\/\/nta-gruppe.de\/en\/wp-json\/wp\/v2\/media?parent=20"}],"curies":[{"name":"wp","href":"https:\/\/api.w.org\/{rel}","templated":true}]}}